{"id":946,"date":"2026-03-26T16:22:12","date_gmt":"2026-03-26T16:22:12","guid":{"rendered":"https:\/\/marturiidulci.md\/?page_id=946"},"modified":"2026-05-10T16:58:04","modified_gmt":"2026-05-10T16:58:04","slug":"despre-noi","status":"publish","type":"page","link":"https:\/\/marturiidulci.md\/en\/despre-noi\/","title":{"rendered":"About us"},"content":{"rendered":"<div data-elementor-type=\"wp-page\" data-elementor-id=\"946\" class=\"elementor elementor-946\" data-elementor-post-type=\"page\">\n\t\t\t\t\t\t<div class=\"elementor-section elementor-top-section elementor-element elementor-element-239b125 elementor-section-boxed elementor-section-height-default elementor-section-height-default\" data-id=\"239b125\" data-element_type=\"section\" data-e-type=\"section\">\n\t\t\t\t\t\t<div class=\"elementor-container elementor-column-gap-no\">\n\t\t\t\t\t<div class=\"elementor-column elementor-col-50 elementor-top-column elementor-element elementor-element-1a2862f\" data-id=\"1a2862f\" data-element_type=\"column\" data-e-type=\"column\">\n\t\t\t<div class=\"elementor-widget-wrap elementor-element-populated\">\n\t\t\t\t\t\t<div class=\"elementor-element elementor-element-10f2bfa elementor-widget elementor-widget-heading\" data-id=\"10f2bfa\" data-element_type=\"widget\" data-e-type=\"widget\" data-widget_type=\"heading.default\">\n\t\t\t\t\t<h2 class=\"elementor-heading-title elementor-size-default\">About Us<\/h2>\t\t\t\t<\/div>\n\t\t\t\t<div class=\"elementor-element elementor-element-ee17903 elementor-widget elementor-widget-text-editor\" data-id=\"ee17903\" data-element_type=\"widget\" data-e-type=\"widget\" data-widget_type=\"text-editor.default\">\n\t\t\t\t\t\t\t\t\t<p>M\u0103rturii Dulci is a small business founded in 2022 out of a love for honey and beekeeping. We are honey producers and carefully manage the entire process \u2014 from the beehive to the final product \u2014 with a strong focus on quality and 100% natural local products.<\/p><p>We create favors, gifts, candles, invitations, and envelopes for various events, especially weddings and christenings. We love combining bee products with thoughtfully crafted design, so that every detail feels special and meaningful.<\/p><p>We pay special attention to details, elegant design, and personalization, so that every product tells a story and brings emotion to the people who receive it.<br \/>We also have experience in B2B collaborations, offering personalized solutions for companies looking for authentic, high- quality gifts.\nWe put passion into everything we create and want every product to reach you exactly as we imagined it: simple, natural, and carefully made.<\/p>\t\t\t\t\t\t\t\t<\/div>\n\t\t\t\t<div class=\"elementor-element elementor-element-570975f elementor-widget elementor-widget-button\" data-id=\"570975f\" data-element_type=\"widget\" data-e-type=\"widget\" data-widget_type=\"button.default\">\n\t\t\t\t\t\t\t\t\t\t<a class=\"elementor-button elementor-button-link elementor-size-sm\" href=\"https:\/\/marturiidulci.md\/en\/shop\/\">\n\t\t\t\t\t\t<span class=\"elementor-button-content-wrapper\">\n\t\t\t\t\t\t\t\t\t<span class=\"elementor-button-text\">View Products<\/span>\n\t\t\t\t\t<\/span>\n\t\t\t\t\t<\/a>\n\t\t\t\t\t\t\t\t<\/div>\n\t\t\t\t\t<\/div>\n\t\t<\/div>\n\t\t\t\t<div class=\"elementor-column elementor-col-50 elementor-top-column elementor-element elementor-element-0381c99\" data-id=\"0381c99\" data-element_type=\"column\" data-e-type=\"column\">\n\t\t\t<div class=\"elementor-widget-wrap elementor-element-populated\">\n\t\t\t\t\t\t<div class=\"elementor-element elementor-element-62624cb cms-banner elementor-widget elementor-widget-image\" data-id=\"62624cb\" data-element_type=\"widget\" data-e-type=\"widget\" data-widget_type=\"image.default\">\n\t\t\t\t\t\t\t\t\t\t\t\t\t\t\t<img fetchpriority=\"high\" decoding=\"async\" width=\"766\" height=\"705\" src=\"https:\/\/marturiidulci.md\/wp-content\/uploads\/2026\/03\/Rectangle-2.jpg\" class=\"attachment-full size-full wp-image-797\" alt=\"\" srcset=\"https:\/\/marturiidulci.md\/wp-content\/uploads\/2026\/03\/Rectangle-2.jpg 766w, https:\/\/marturiidulci.md\/wp-content\/uploads\/2026\/03\/Rectangle-2-300x276.jpg 300w\" sizes=\"(max-width: 766px) 100vw, 766px\" \/>\t\t\t\t\t\t\t\t\t\t\t\t\t\t\t<\/div>\n\t\t\t\t\t<\/div>\n\t\t<\/div>\n\t\t\t\t\t<\/div>\n\t\t<\/div>\n\t\t<div class=\"elementor-element elementor-element-09f4261 e-con-full e-flex e-con e-parent\" data-id=\"09f4261\" data-element_type=\"container\" data-e-type=\"container\">\n\t\t\t\t<div class=\"elementor-element elementor-element-621876e elementor-widget elementor-widget-shortcode\" data-id=\"621876e\" data-element_type=\"widget\" data-e-type=\"widget\" data-widget_type=\"shortcode.default\">\n\t\t\t\t\t\t\t<div class=\"elementor-shortcode\">\t\t<div data-elementor-type=\"container\" data-elementor-id=\"1319\" class=\"elementor elementor-1319\" data-elementor-post-type=\"elementor_library\">\n\t\t\t\t\t\t<section class=\"elementor-section elementor-top-section elementor-element elementor-element-67f79ca3 elementor-section-full_width elementor-section-height-default elementor-section-height-default\" data-id=\"67f79ca3\" data-element_type=\"section\" data-e-type=\"section\">\n\t\t\t\t\t\t<div class=\"elementor-container elementor-column-gap-no\">\n\t\t\t\t\t<div class=\"elementor-column elementor-col-33 elementor-top-column elementor-element elementor-element-59a8b137\" data-id=\"59a8b137\" data-element_type=\"column\" data-e-type=\"column\">\n\t\t\t<div class=\"elementor-widget-wrap elementor-element-populated\">\n\t\t\t\t\t\t<div class=\"elementor-element elementor-element-437e7ca6 elementor-widget__width-auto elementor-absolute elementor-widget elementor-widget-heading\" data-id=\"437e7ca6\" data-element_type=\"widget\" data-e-type=\"widget\" data-settings=\"{&quot;_position&quot;:&quot;absolute&quot;}\" data-widget_type=\"heading.default\">\n\t\t\t\t\t<h3 class=\"elementor-heading-title elementor-size-default\"><a href=\"https:\/\/marturiidulci.md\/en\/product-category\/marturii\/\">Favors<\/a><\/h3>\t\t\t\t<\/div>\n\t\t\t\t<div class=\"elementor-element elementor-element-33a8e388 elementor-widget__width-auto elementor-absolute elementor-widget elementor-widget-button\" data-id=\"33a8e388\" data-element_type=\"widget\" data-e-type=\"widget\" data-settings=\"{&quot;_position&quot;:&quot;absolute&quot;}\" data-widget_type=\"button.default\">\n\t\t\t\t\t\t\t\t\t\t<a class=\"elementor-button elementor-button-link elementor-size-sm elementor-animation-grow\" href=\"https:\/\/marturiidulci.md\/en\/product-category\/marturii\/\">\n\t\t\t\t\t\t<span class=\"elementor-button-content-wrapper\">\n\t\t\t\t\t\t\t\t\t<span class=\"elementor-button-text\">Buy now<\/span>\n\t\t\t\t\t<\/span>\n\t\t\t\t\t<\/a>\n\t\t\t\t\t\t\t\t<\/div>\n\t\t\t\t<div class=\"elementor-element elementor-element-2e34b871 elementor-widget elementor-widget-image\" data-id=\"2e34b871\" data-element_type=\"widget\" data-e-type=\"widget\" data-widget_type=\"image.default\">\n\t\t\t\t\t\t\t\t\t\t\t\t\t\t\t\t<a href=\"https:\/\/marturiidulci.md\/en\/product-category\/marturii\/\">\n\t\t\t\t\t\t\t<img decoding=\"async\" width=\"582\" height=\"340\" src=\"https:\/\/marturiidulci.md\/wp-content\/uploads\/2026\/03\/marturii-cumetrie.jpg\" class=\"attachment-full size-full wp-image-750\" alt=\"\" srcset=\"https:\/\/marturiidulci.md\/wp-content\/uploads\/2026\/03\/marturii-cumetrie.jpg 582w, https:\/\/marturiidulci.md\/wp-content\/uploads\/2026\/03\/marturii-cumetrie-300x175.jpg 300w, https:\/\/marturiidulci.md\/wp-content\/uploads\/2026\/03\/marturii-cumetrie-416x243.jpg 416w\" sizes=\"(max-width: 582px) 100vw, 582px\" \/>\t\t\t\t\t\t\t\t<\/a>\n\t\t\t\t\t\t\t\t\t\t\t\t\t\t\t<\/div>\n\t\t\t\t\t<\/div>\n\t\t<\/div>\n\t\t\t\t<div class=\"elementor-column elementor-col-33 elementor-top-column elementor-element elementor-element-305fa100\" data-id=\"305fa100\" data-element_type=\"column\" data-e-type=\"column\">\n\t\t\t<div class=\"elementor-widget-wrap elementor-element-populated\">\n\t\t\t\t\t\t<div class=\"elementor-element elementor-element-41586c39 elementor-widget__width-initial elementor-absolute elementor-widget elementor-widget-heading\" data-id=\"41586c39\" data-element_type=\"widget\" data-e-type=\"widget\" data-settings=\"{&quot;_position&quot;:&quot;absolute&quot;}\" data-widget_type=\"heading.default\">\n\t\t\t\t\t<h3 class=\"elementor-heading-title elementor-size-default\"><a href=\"https:\/\/marturiidulci.md\/en\/product-category\/cadouri\/\">Gifts<\/a><\/h3>\t\t\t\t<\/div>\n\t\t\t\t<div class=\"elementor-element elementor-element-1606b9c9 elementor-widget__width-auto elementor-absolute elementor-widget elementor-widget-button\" data-id=\"1606b9c9\" data-element_type=\"widget\" data-e-type=\"widget\" data-settings=\"{&quot;_position&quot;:&quot;absolute&quot;}\" data-widget_type=\"button.default\">\n\t\t\t\t\t\t\t\t\t\t<a class=\"elementor-button elementor-button-link elementor-size-sm elementor-animation-grow\" href=\"https:\/\/marturiidulci.md\/en\/product-category\/cadouri\/\">\n\t\t\t\t\t\t<span class=\"elementor-button-content-wrapper\">\n\t\t\t\t\t\t\t\t\t<span class=\"elementor-button-text\">Buy now<\/span>\n\t\t\t\t\t<\/span>\n\t\t\t\t\t<\/a>\n\t\t\t\t\t\t\t\t<\/div>\n\t\t\t\t<div class=\"elementor-element elementor-element-5d5a7d3c elementor-widget elementor-widget-image\" data-id=\"5d5a7d3c\" data-element_type=\"widget\" data-e-type=\"widget\" data-widget_type=\"image.default\">\n\t\t\t\t\t\t\t\t\t\t\t\t\t\t\t\t<a href=\"https:\/\/marturiidulci.md\/en\/product-category\/cadouri\/\">\n\t\t\t\t\t\t\t<img decoding=\"async\" width=\"582\" height=\"340\" src=\"https:\/\/marturiidulci.md\/wp-content\/uploads\/2026\/03\/adouri-ziua-prof.jpg\" class=\"attachment-full size-full wp-image-749\" alt=\"\" srcset=\"https:\/\/marturiidulci.md\/wp-content\/uploads\/2026\/03\/adouri-ziua-prof.jpg 582w, https:\/\/marturiidulci.md\/wp-content\/uploads\/2026\/03\/adouri-ziua-prof-300x175.jpg 300w, https:\/\/marturiidulci.md\/wp-content\/uploads\/2026\/03\/adouri-ziua-prof-416x243.jpg 416w\" sizes=\"(max-width: 582px) 100vw, 582px\" \/>\t\t\t\t\t\t\t\t<\/a>\n\t\t\t\t\t\t\t\t\t\t\t\t\t\t\t<\/div>\n\t\t\t\t\t<\/div>\n\t\t<\/div>\n\t\t\t\t<div class=\"elementor-column elementor-col-33 elementor-top-column elementor-element elementor-element-65796ed5\" data-id=\"65796ed5\" data-element_type=\"column\" data-e-type=\"column\">\n\t\t\t<div class=\"elementor-widget-wrap elementor-element-populated\">\n\t\t\t\t\t\t<div class=\"elementor-element elementor-element-175a81d3 elementor-widget__width-auto elementor-absolute elementor-widget elementor-widget-heading\" data-id=\"175a81d3\" data-element_type=\"widget\" data-e-type=\"widget\" data-settings=\"{&quot;_position&quot;:&quot;absolute&quot;}\" data-widget_type=\"heading.default\">\n\t\t\t\t\t<h3 class=\"elementor-heading-title elementor-size-default\"><a href=\"https:\/\/marturiidulci.md\/en\/product-category\/invitatii\/\">Invitations<\/a><\/h3>\t\t\t\t<\/div>\n\t\t\t\t<div class=\"elementor-element elementor-element-64097f96 elementor-widget__width-auto elementor-absolute elementor-widget elementor-widget-button\" data-id=\"64097f96\" data-element_type=\"widget\" data-e-type=\"widget\" data-settings=\"{&quot;_position&quot;:&quot;absolute&quot;}\" data-widget_type=\"button.default\">\n\t\t\t\t\t\t\t\t\t\t<a class=\"elementor-button elementor-button-link elementor-size-sm elementor-animation-grow\" href=\"https:\/\/marturiidulci.md\/en\/product-category\/invitatii\/\">\n\t\t\t\t\t\t<span class=\"elementor-button-content-wrapper\">\n\t\t\t\t\t\t\t\t\t<span class=\"elementor-button-text\">Buy now<\/span>\n\t\t\t\t\t<\/span>\n\t\t\t\t\t<\/a>\n\t\t\t\t\t\t\t\t<\/div>\n\t\t\t\t<div class=\"elementor-element elementor-element-389ed407 elementor-widget elementor-widget-image\" data-id=\"389ed407\" data-element_type=\"widget\" data-e-type=\"widget\" data-widget_type=\"image.default\">\n\t\t\t\t\t\t\t\t\t\t\t\t\t\t\t\t<a href=\"https:\/\/marturiidulci.md\/en\/product-category\/invitatii\/\">\n\t\t\t\t\t\t\t<img loading=\"lazy\" decoding=\"async\" width=\"582\" height=\"340\" src=\"https:\/\/marturiidulci.md\/wp-content\/uploads\/2026\/03\/Invitatii.jpg\" class=\"attachment-full size-full wp-image-1313\" alt=\"\" srcset=\"https:\/\/marturiidulci.md\/wp-content\/uploads\/2026\/03\/Invitatii.jpg 582w, https:\/\/marturiidulci.md\/wp-content\/uploads\/2026\/03\/Invitatii-300x175.jpg 300w, https:\/\/marturiidulci.md\/wp-content\/uploads\/2026\/03\/Invitatii-416x243.jpg 416w, https:\/\/marturiidulci.md\/wp-content\/uploads\/2026\/03\/Invitatii-18x12.jpg 18w\" sizes=\"(max-width: 582px) 100vw, 582px\" \/>\t\t\t\t\t\t\t\t<\/a>\n\t\t\t\t\t\t\t\t\t\t\t\t\t\t\t<\/div>\n\t\t\t\t\t<\/div>\n\t\t<\/div>\n\t\t\t\t\t<\/div>\n\t\t<\/section>\n\t\t\t\t<section class=\"elementor-section elementor-top-section elementor-element elementor-element-5df487e4 elementor-section-full_width elementor-section-height-default elementor-section-height-default\" data-id=\"5df487e4\" data-element_type=\"section\" data-e-type=\"section\">\n\t\t\t\t\t\t<div class=\"elementor-container elementor-column-gap-no\">\n\t\t\t\t\t<div class=\"elementor-column elementor-col-33 elementor-top-column elementor-element elementor-element-340fd470\" data-id=\"340fd470\" data-element_type=\"column\" data-e-type=\"column\">\n\t\t\t<div class=\"elementor-widget-wrap elementor-element-populated\">\n\t\t\t\t\t\t<div class=\"elementor-element elementor-element-36916fbe elementor-widget__width-auto elementor-absolute elementor-widget elementor-widget-heading\" data-id=\"36916fbe\" data-element_type=\"widget\" data-e-type=\"widget\" data-settings=\"{&quot;_position&quot;:&quot;absolute&quot;}\" data-widget_type=\"heading.default\">\n\t\t\t\t\t<h3 class=\"elementor-heading-title elementor-size-default\"><a href=\"https:\/\/marturiidulci.md\/en\/product-category\/lumanari\/\">Candles<\/a><\/h3>\t\t\t\t<\/div>\n\t\t\t\t<div class=\"elementor-element elementor-element-53792b8d elementor-widget__width-auto elementor-absolute elementor-widget elementor-widget-button\" data-id=\"53792b8d\" data-element_type=\"widget\" data-e-type=\"widget\" data-settings=\"{&quot;_position&quot;:&quot;absolute&quot;}\" data-widget_type=\"button.default\">\n\t\t\t\t\t\t\t\t\t\t<a class=\"elementor-button elementor-button-link elementor-size-sm elementor-animation-grow\" href=\"https:\/\/marturiidulci.md\/en\/product-category\/lumanari\/\">\n\t\t\t\t\t\t<span class=\"elementor-button-content-wrapper\">\n\t\t\t\t\t\t\t\t\t<span class=\"elementor-button-text\">Buy now<\/span>\n\t\t\t\t\t<\/span>\n\t\t\t\t\t<\/a>\n\t\t\t\t\t\t\t\t<\/div>\n\t\t\t\t<div class=\"elementor-element elementor-element-38f435a4 elementor-widget elementor-widget-image\" data-id=\"38f435a4\" data-element_type=\"widget\" data-e-type=\"widget\" data-widget_type=\"image.default\">\n\t\t\t\t\t\t\t\t\t\t\t\t\t\t\t\t<a href=\"https:\/\/marturiidulci.md\/en\/product-category\/lumanari\/\">\n\t\t\t\t\t\t\t<img loading=\"lazy\" decoding=\"async\" width=\"582\" height=\"340\" src=\"https:\/\/marturiidulci.md\/wp-content\/uploads\/2026\/03\/Lumanari.jpg\" class=\"attachment-full size-full wp-image-1314\" alt=\"\" srcset=\"https:\/\/marturiidulci.md\/wp-content\/uploads\/2026\/03\/Lumanari.jpg 582w, https:\/\/marturiidulci.md\/wp-content\/uploads\/2026\/03\/Lumanari-300x175.jpg 300w, https:\/\/marturiidulci.md\/wp-content\/uploads\/2026\/03\/Lumanari-416x243.jpg 416w, https:\/\/marturiidulci.md\/wp-content\/uploads\/2026\/03\/Lumanari-18x12.jpg 18w\" sizes=\"(max-width: 582px) 100vw, 582px\" \/>\t\t\t\t\t\t\t\t<\/a>\n\t\t\t\t\t\t\t\t\t\t\t\t\t\t\t<\/div>\n\t\t\t\t\t<\/div>\n\t\t<\/div>\n\t\t\t\t<div class=\"elementor-column elementor-col-33 elementor-top-column elementor-element elementor-element-3682816e\" data-id=\"3682816e\" data-element_type=\"column\" data-e-type=\"column\">\n\t\t\t<div class=\"elementor-widget-wrap elementor-element-populated\">\n\t\t\t\t\t\t<div class=\"elementor-element elementor-element-3f84b21a elementor-widget__width-initial elementor-absolute elementor-widget elementor-widget-heading\" data-id=\"3f84b21a\" data-element_type=\"widget\" data-e-type=\"widget\" data-settings=\"{&quot;_position&quot;:&quot;absolute&quot;}\" data-widget_type=\"heading.default\">\n\t\t\t\t\t<h3 class=\"elementor-heading-title elementor-size-default\"><a href=\"https:\/\/marturiidulci.md\/en\/product-category\/plicuri\/\">Envelopes<\/a><\/h3>\t\t\t\t<\/div>\n\t\t\t\t<div class=\"elementor-element elementor-element-6ddd3bfd elementor-widget__width-auto elementor-absolute elementor-widget elementor-widget-button\" data-id=\"6ddd3bfd\" data-element_type=\"widget\" data-e-type=\"widget\" data-settings=\"{&quot;_position&quot;:&quot;absolute&quot;}\" data-widget_type=\"button.default\">\n\t\t\t\t\t\t\t\t\t\t<a class=\"elementor-button elementor-button-link elementor-size-sm elementor-animation-grow\" href=\"https:\/\/marturiidulci.md\/en\/product-category\/plicuri\/\">\n\t\t\t\t\t\t<span class=\"elementor-button-content-wrapper\">\n\t\t\t\t\t\t\t\t\t<span class=\"elementor-button-text\">Buy now<\/span>\n\t\t\t\t\t<\/span>\n\t\t\t\t\t<\/a>\n\t\t\t\t\t\t\t\t<\/div>\n\t\t\t\t<div class=\"elementor-element elementor-element-3166d57c elementor-widget elementor-widget-image\" data-id=\"3166d57c\" data-element_type=\"widget\" data-e-type=\"widget\" data-widget_type=\"image.default\">\n\t\t\t\t\t\t\t\t\t\t\t\t\t\t\t\t<a href=\"https:\/\/marturiidulci.md\/en\/product-category\/plicuri\/\">\n\t\t\t\t\t\t\t<img loading=\"lazy\" decoding=\"async\" width=\"582\" height=\"340\" src=\"https:\/\/marturiidulci.md\/wp-content\/uploads\/2026\/03\/plicuri.jpg\" class=\"attachment-full size-full wp-image-1315\" alt=\"\" srcset=\"https:\/\/marturiidulci.md\/wp-content\/uploads\/2026\/03\/plicuri.jpg 582w, https:\/\/marturiidulci.md\/wp-content\/uploads\/2026\/03\/plicuri-300x175.jpg 300w, https:\/\/marturiidulci.md\/wp-content\/uploads\/2026\/03\/plicuri-416x243.jpg 416w, https:\/\/marturiidulci.md\/wp-content\/uploads\/2026\/03\/plicuri-18x12.jpg 18w\" sizes=\"(max-width: 582px) 100vw, 582px\" \/>\t\t\t\t\t\t\t\t<\/a>\n\t\t\t\t\t\t\t\t\t\t\t\t\t\t\t<\/div>\n\t\t\t\t\t<\/div>\n\t\t<\/div>\n\t\t\t\t<div class=\"elementor-column elementor-col-33 elementor-top-column elementor-element elementor-element-6b07c08d\" data-id=\"6b07c08d\" data-element_type=\"column\" data-e-type=\"column\">\n\t\t\t<div class=\"elementor-widget-wrap elementor-element-populated\">\n\t\t\t\t\t\t<div class=\"elementor-element elementor-element-2f1987d1 elementor-widget__width-auto elementor-absolute elementor-widget elementor-widget-heading\" data-id=\"2f1987d1\" data-element_type=\"widget\" data-e-type=\"widget\" data-settings=\"{&quot;_position&quot;:&quot;absolute&quot;}\" data-widget_type=\"heading.default\">\n\t\t\t\t\t<h3 class=\"elementor-heading-title elementor-size-default\"><a href=\"https:\/\/marturiidulci.md\/en\/product-category\/materiale-pentru-creatori\/\">Materials for Creators<\/a><\/h3>\t\t\t\t<\/div>\n\t\t\t\t<div class=\"elementor-element elementor-element-9a355a7 elementor-widget__width-auto elementor-absolute elementor-widget elementor-widget-button\" data-id=\"9a355a7\" data-element_type=\"widget\" data-e-type=\"widget\" data-settings=\"{&quot;_position&quot;:&quot;absolute&quot;}\" data-widget_type=\"button.default\">\n\t\t\t\t\t\t\t\t\t\t<a class=\"elementor-button elementor-button-link elementor-size-sm elementor-animation-grow\" href=\"https:\/\/marturiidulci.md\/en\/product-category\/materiale-pentru-creatori\/\">\n\t\t\t\t\t\t<span class=\"elementor-button-content-wrapper\">\n\t\t\t\t\t\t\t\t\t<span class=\"elementor-button-text\">Buy now<\/span>\n\t\t\t\t\t<\/span>\n\t\t\t\t\t<\/a>\n\t\t\t\t\t\t\t\t<\/div>\n\t\t\t\t<div class=\"elementor-element elementor-element-5a1e09d1 elementor-widget elementor-widget-image\" data-id=\"5a1e09d1\" data-element_type=\"widget\" data-e-type=\"widget\" data-widget_type=\"image.default\">\n\t\t\t\t\t\t\t\t\t\t\t\t\t\t\t\t<a href=\"https:\/\/marturiidulci.md\/en\/product-category\/materiale-pentru-creatori\/\">\n\t\t\t\t\t\t\t<img loading=\"lazy\" decoding=\"async\" width=\"582\" height=\"340\" src=\"https:\/\/marturiidulci.md\/wp-content\/uploads\/2026\/03\/materiale-pentru-cratori.jpg\" class=\"attachment-full size-full wp-image-1316\" alt=\"\" srcset=\"https:\/\/marturiidulci.md\/wp-content\/uploads\/2026\/03\/materiale-pentru-cratori.jpg 582w, https:\/\/marturiidulci.md\/wp-content\/uploads\/2026\/03\/materiale-pentru-cratori-300x175.jpg 300w, https:\/\/marturiidulci.md\/wp-content\/uploads\/2026\/03\/materiale-pentru-cratori-416x243.jpg 416w, https:\/\/marturiidulci.md\/wp-content\/uploads\/2026\/03\/materiale-pentru-cratori-18x12.jpg 18w\" sizes=\"(max-width: 582px) 100vw, 582px\" \/>\t\t\t\t\t\t\t\t<\/a>\n\t\t\t\t\t\t\t\t\t\t\t\t\t\t\t<\/div>\n\t\t\t\t\t<\/div>\n\t\t<\/div>\n\t\t\t\t\t<\/div>\n\t\t<\/section>\n\t\t\t\t<\/div>\n\t\t<\/div>\n\t\t\t\t\t\t<\/div>\n\t\t\t\t<\/div>\n\t\t\t\t<\/div>","protected":false},"excerpt":{"rendered":"<p>Scurt\u0103 introducere M\u0103rturii Dulci este o mic\u0103 afacere ap\u0103rut\u0103 \u00een anul 2022, din dragostea pentru miere \u0219i apicultur\u0103. Suntem produc\u0103tori de miere \u0219i ne ocup\u0103m cu grij\u0103 de tot procesul, de la stupin\u0103 p\u00e2n\u0103 la produsul final, pun\u00e2nd accent pe calitate, produse 100% naturale \u0219i autohtone. Realiz\u0103m m\u0103rturii, cadouri, lum\u00e2n\u0103ri invita\u021bii \u0219i plicuri pentru diverse&#8230;<\/p>","protected":false},"author":1,"featured_media":0,"parent":0,"menu_order":0,"comment_status":"closed","ping_status":"closed","template":"","meta":{"_bst_post_transparent":"","_bst_post_title":"default","_bst_post_layout":"default","_bst_post_sidebar_id":"","_bst_post_content_style":"default","_bst_post_vertical_padding":"default","_bst_post_feature":"hide","_bst_post_feature_position":"","_bst_post_header":false,"_bst_post_footer":false,"footnotes":""},"class_list":["post-946","page","type-page","status-publish","hentry"],"_links":{"self":[{"href":"https:\/\/marturiidulci.md\/en\/wp-json\/wp\/v2\/pages\/946","targetHints":{"allow":["GET"]}}],"collection":[{"href":"https:\/\/marturiidulci.md\/en\/wp-json\/wp\/v2\/pages"}],"about":[{"href":"https:\/\/marturiidulci.md\/en\/wp-json\/wp\/v2\/types\/page"}],"author":[{"embeddable":true,"href":"https:\/\/marturiidulci.md\/en\/wp-json\/wp\/v2\/users\/1"}],"replies":[{"embeddable":true,"href":"https:\/\/marturiidulci.md\/en\/wp-json\/wp\/v2\/comments?post=946"}],"version-history":[{"count":59,"href":"https:\/\/marturiidulci.md\/en\/wp-json\/wp\/v2\/pages\/946\/revisions"}],"predecessor-version":[{"id":1336,"href":"https:\/\/marturiidulci.md\/en\/wp-json\/wp\/v2\/pages\/946\/revisions\/1336"}],"wp:attachment":[{"href":"https:\/\/marturiidulci.md\/en\/wp-json\/wp\/v2\/media?parent=946"}],"curies":[{"name":"wp","href":"https:\/\/api.w.org\/{rel}","templated":true}]}}